{"id":3493,"date":"2021-08-04T15:28:31","date_gmt":"2021-08-04T15:28:31","guid":{"rendered":"https:\/\/bibo-runge-wein.de\/?page_id=3493"},"modified":"2026-02-16T12:52:06","modified_gmt":"2026-02-16T11:52:06","slug":"revoluzzer-gartenhaus","status":"publish","type":"page","link":"https:\/\/bibo-runge-wein.de\/en\/revoluzzer-gartenhaus\/","title":{"rendered":"REVOLUZZER Gartenhaus (Summer house)"},"content":{"rendered":"<div data-elementor-type=\"wp-page\" data-elementor-id=\"3493\" class=\"elementor elementor-3493\" data-elementor-post-type=\"page\">\n\t\t\t\t\t\t<section class=\"elementor-section elementor-top-section elementor-element elementor-element-83a59b1 elementor-section-height-min-height elementor-section-items-bottom elementor-section-boxed elementor-section-height-default\" data-id=\"83a59b1\" data-element_type=\"section\" data-e-type=\"section\" data-settings=\"{&quot;background_background&quot;:&quot;classic&quot;}\">\n\t\t\t\t\t\t\t<div class=\"elementor-background-overlay\"><\/div>\n\t\t\t\t\t\t\t<div class=\"elementor-container elementor-column-gap-default\">\n\t\t\t\t\t<div class=\"elementor-column elementor-col-100 elementor-top-column elementor-element elementor-element-94ce69a\" data-id=\"94ce69a\" data-element_type=\"column\" data-e-type=\"column\">\n\t\t\t<div class=\"elementor-widget-wrap elementor-element-populated\">\n\t\t\t\t\t\t<div class=\"elementor-element elementor-element-1991481 elementor-widget elementor-widget-heading\" data-id=\"1991481\" data-element_type=\"widget\" data-e-type=\"widget\" data-widget_type=\"heading.default\">\n\t\t\t\t<div class=\"elementor-widget-container\">\n\t\t\t\t\t<h1 class=\"elementor-heading-title elementor-size-default\">unser Revoluzzer Gartenhaus<\/h1>\t\t\t\t<\/div>\n\t\t\t\t<\/div>\n\t\t\t\t\t<\/div>\n\t\t<\/div>\n\t\t\t\t\t<\/div>\n\t\t<\/section>\n\t\t\t\t<section class=\"elementor-section elementor-top-section elementor-element elementor-element-b255131 elementor-section-boxed elementor-section-height-default elementor-section-height-default\" data-id=\"b255131\" data-element_type=\"section\" data-e-type=\"section\">\n\t\t\t\t\t\t\t<div class=\"elementor-background-overlay\"><\/div>\n\t\t\t\t\t\t\t<div class=\"elementor-container elementor-column-gap-default\">\n\t\t\t\t\t<div class=\"elementor-column elementor-col-100 elementor-top-column elementor-element elementor-element-34d4025\" data-id=\"34d4025\" data-element_type=\"column\" data-e-type=\"column\">\n\t\t\t<div class=\"elementor-widget-wrap elementor-element-populated\">\n\t\t\t\t\t\t<div class=\"elementor-element elementor-element-1b27eb3 elementor-widget elementor-widget-heading\" data-id=\"1b27eb3\" data-element_type=\"widget\" data-e-type=\"widget\" data-widget_type=\"heading.default\">\n\t\t\t\t<div class=\"elementor-widget-container\">\n\t\t\t\t\t<h2 class=\"elementor-heading-title elementor-size-default\">Enjoy our wines at our REVOLUZZER Summerhouse<\/h2>\t\t\t\t<\/div>\n\t\t\t\t<\/div>\n\t\t\t\t<div class=\"elementor-element elementor-element-74a7509 elementor-widget elementor-widget-text-editor\" data-id=\"74a7509\" data-element_type=\"widget\" data-e-type=\"widget\" data-widget_type=\"text-editor.default\">\n\t\t\t\t<div class=\"elementor-widget-container\">\n\t\t\t\t\t\t\t\t\tOur REVOLUZZER tells the story of the democrat and freedom fighter Adam von Itzstein. In his garden house, 200 years ago, he prepared the first National Assembly of 1848 with the Hallgarten Circle. Today you can enjoy our wines at this historic location in the middle of the Hallgarten vineyards.\t\t\t\t\t\t\t\t<\/div>\n\t\t\t\t<\/div>\n\t\t\t\t<section class=\"elementor-section elementor-inner-section elementor-element elementor-element-63f011c elementor-section-boxed elementor-section-height-default elementor-section-height-default\" data-id=\"63f011c\" data-element_type=\"section\" data-e-type=\"section\">\n\t\t\t\t\t\t<div class=\"elementor-container elementor-column-gap-default\">\n\t\t\t\t\t<div class=\"elementor-column elementor-col-50 elementor-inner-column elementor-element elementor-element-bf12aa5\" data-id=\"bf12aa5\" data-element_type=\"column\" data-e-type=\"column\">\n\t\t\t<div class=\"elementor-widget-wrap elementor-element-populated\">\n\t\t\t\t\t\t<div class=\"elementor-element elementor-element-fbd39fb elementor-widget elementor-widget-heading\" data-id=\"fbd39fb\" data-element_type=\"widget\" data-e-type=\"widget\" data-widget_type=\"heading.default\">\n\t\t\t\t<div class=\"elementor-widget-container\">\n\t\t\t\t\t<h3 class=\"elementor-heading-title elementor-size-default\">Opening hours<\/h3>\t\t\t\t<\/div>\n\t\t\t\t<\/div>\n\t\t\t\t<div class=\"elementor-element elementor-element-34e80d8 elementor-widget elementor-widget-text-editor\" data-id=\"34e80d8\" data-element_type=\"widget\" data-e-type=\"widget\" data-widget_type=\"text-editor.default\">\n\t\t\t\t<div class=\"elementor-widget-container\">\n\t\t\t\t\t\t\t\t\t<div class=\"elementor-element elementor-element-31383d8 elementor-widget elementor-widget-text-editor\" data-id=\"31383d8\" data-element_type=\"widget\" data-widget_type=\"text-editor.default\"><div>Das n\u00e4chste Mal \u00f6ffnet unser REVOLUZZER Gartenhaus am<strong> 25. und 26. April sowie vom 1. bis 3. Mai 2026<\/strong>. Samstags ab 15:00 Uhr und Sonntags sowie am 1. Mai ab 13:00 Uhr. Am Freitag, <strong>1. Mai<\/strong> gibt es wieder den superleckeren <strong>Flammkuchen<\/strong> aus dem Holzbackofen. An den anderen Tagen bringt euch gerne ein Picknick mit und genie\u00dft dazu unsere Weine, Sekte, alkoholfreien Weine und andere Getr\u00e4nke von uns. Bringt auch gerne eine Picknickdecke mit und macht es euch rund um das Revoluzzer Gartenhaus in den Weinbergen gem\u00fctlich<\/div><\/div><div class=\"elementor-element elementor-element-31383d8 elementor-widget elementor-widget-text-editor\" data-id=\"31383d8\" data-element_type=\"widget\" data-widget_type=\"text-editor.default\"><div class=\"elementor-widget-container\">\u00a0<\/div><div class=\"elementor-widget-container\"><div class=\"elementor-text-editor elementor-clearfix\"><p>Weather permitting, from the end of April to the end of September, we are happy to offer groups of 10 people or more a <strong><a href=\"https:\/\/bibo-runge-wein.de\/en\/weinproben\/\" target=\"_blank\" rel=\"noopener\">winetasting<\/a><\/strong> at the REVOLUZZER summer house! Simply call us on 06723\/9986900 to arrange an appointment!<\/p><\/div><\/div><\/div><div>\u00a0<\/div><div>\u00a0<\/div>\t\t\t\t\t\t\t\t<\/div>\n\t\t\t\t<\/div>\n\t\t\t\t\t<\/div>\n\t\t<\/div>\n\t\t\t\t<div class=\"elementor-column elementor-col-50 elementor-inner-column elementor-element elementor-element-80e45a5\" data-id=\"80e45a5\" data-element_type=\"column\" data-e-type=\"column\">\n\t\t\t<div class=\"elementor-widget-wrap elementor-element-populated\">\n\t\t\t\t\t\t<div class=\"elementor-element elementor-element-20377aa elementor-widget elementor-widget-heading\" data-id=\"20377aa\" data-element_type=\"widget\" data-e-type=\"widget\" data-widget_type=\"heading.default\">\n\t\t\t\t<div class=\"elementor-widget-container\">\n\t\t\t\t\t<h3 class=\"elementor-heading-title elementor-size-default\">How to find us<\/h3>\t\t\t\t<\/div>\n\t\t\t\t<\/div>\n\t\t\t\t<div class=\"elementor-element elementor-element-97a6bed elementor-widget elementor-widget-text-editor\" data-id=\"97a6bed\" data-element_type=\"widget\" data-e-type=\"widget\" data-widget_type=\"text-editor.default\">\n\t\t\t\t<div class=\"elementor-widget-container\">\n\t\t\t\t\t\t\t\t\t<p>100 m from Hallgartener Platz 1 in Oestrich-Winkel, Hallgarten district.<\/p><p>Drive from the B42 in the direction of Hallgarten, turn left in the direction of the cemetery at the entrance to the town, drive past the cemetery on the right uphill and then take the first left again. From here it is still 100m.<\/p><p>By public transport to Hattenheim station and then bus 181 to Hallgarten, Eberbacher Stra\u00dfe.<\/p>\t\t\t\t\t\t\t\t<\/div>\n\t\t\t\t<\/div>\n\t\t\t\t<div class=\"elementor-element elementor-element-763732c elementor-icon-list--layout-traditional elementor-list-item-link-full_width elementor-widget elementor-widget-icon-list\" data-id=\"763732c\" data-element_type=\"widget\" data-e-type=\"widget\" data-widget_type=\"icon-list.default\">\n\t\t\t\t<div class=\"elementor-widget-container\">\n\t\t\t\t\t\t\t<ul class=\"elementor-icon-list-items\">\n\t\t\t\t\t\t\t<li class=\"elementor-icon-list-item\">\n\t\t\t\t\t\t\t\t\t\t\t<a href=\"https:\/\/www.google.de\/maps\/place\/Ausschank+am+Gartenhaus\/@50.0253551,8.0303486,18z\/data=!4m12!1m6!3m5!1s0x47bdebca5a609e07:0xe720c83a683a9174!2sWeingut+BIBO+RUNGE!8m2!3d50.0258282!4d8.0347771!3m4!1s0x47bdebce01f42a6b:0xaf34f8bd9dfb5646!8m2!3d50.0254721!4d8.0299839?hl=de\" target=\"_blank\" rel=\"nofollow\">\n\n\t\t\t\t\t\t\t\t\t\t\t\t<span class=\"elementor-icon-list-icon\">\n\t\t\t\t\t\t\t<i aria-hidden=\"true\" class=\"fas fa-map-marker-alt\"><\/i>\t\t\t\t\t\t<\/span>\n\t\t\t\t\t\t\t\t\t\t<span class=\"elementor-icon-list-text\">Auf Google Maps ansehen &gt;&gt;<\/span>\n\t\t\t\t\t\t\t\t\t\t\t<\/a>\n\t\t\t\t\t\t\t\t\t<\/li>\n\t\t\t\t\t\t<\/ul>\n\t\t\t\t\t\t<\/div>\n\t\t\t\t<\/div>\n\t\t\t\t\t<\/div>\n\t\t<\/div>\n\t\t\t\t\t<\/div>\n\t\t<\/section>\n\t\t\t\t\t<\/div>\n\t\t<\/div>\n\t\t\t\t\t<\/div>\n\t\t<\/section>\n\t\t\t\t<section class=\"elementor-section elementor-top-section elementor-element elementor-element-d31eada elementor-section-boxed elementor-section-height-default elementor-section-height-default\" data-id=\"d31eada\" data-element_type=\"section\" data-e-type=\"section\" data-settings=\"{&quot;background_background&quot;:&quot;classic&quot;}\">\n\t\t\t\t\t\t\t<div class=\"elementor-background-overlay\"><\/div>\n\t\t\t\t\t\t\t<div class=\"elementor-container elementor-column-gap-default\">\n\t\t\t\t\t<div class=\"elementor-column elementor-col-100 elementor-top-column elementor-element elementor-element-aaa8f59\" data-id=\"aaa8f59\" data-element_type=\"column\" data-e-type=\"column\">\n\t\t\t<div class=\"elementor-widget-wrap elementor-element-populated\">\n\t\t\t\t\t\t<div class=\"elementor-element elementor-element-f4e3891 elementor-widget elementor-widget-heading\" data-id=\"f4e3891\" data-element_type=\"widget\" data-e-type=\"widget\" data-widget_type=\"heading.default\">\n\t\t\t\t<div class=\"elementor-widget-container\">\n\t\t\t\t\t<h2 class=\"elementor-heading-title elementor-size-default\">Taste our wines or meet us live!<\/h2>\t\t\t\t<\/div>\n\t\t\t\t<\/div>\n\t\t\t\t<section class=\"elementor-section elementor-inner-section elementor-element elementor-element-c22d149 elementor-section-boxed elementor-section-height-default elementor-section-height-default\" data-id=\"c22d149\" data-element_type=\"section\" data-e-type=\"section\">\n\t\t\t\t\t\t<div class=\"elementor-container elementor-column-gap-default\">\n\t\t\t\t\t<div class=\"elementor-column elementor-col-50 elementor-inner-column elementor-element elementor-element-98a6dfd\" data-id=\"98a6dfd\" data-element_type=\"column\" data-e-type=\"column\">\n\t\t\t<div class=\"elementor-widget-wrap elementor-element-populated\">\n\t\t\t\t\t\t<div class=\"elementor-element elementor-element-0a1ebd3 elementor-align-justify elementor-widget elementor-widget-button\" data-id=\"0a1ebd3\" data-element_type=\"widget\" data-e-type=\"widget\" data-widget_type=\"button.default\">\n\t\t\t\t<div class=\"elementor-widget-container\">\n\t\t\t\t\t\t\t\t\t<div class=\"elementor-button-wrapper\">\n\t\t\t\t\t<a class=\"elementor-button elementor-button-link elementor-size-sm\" href=\"https:\/\/bibo-runge-wein.de\/en\/weinproben\/\">\n\t\t\t\t\t\t<span class=\"elementor-button-content-wrapper\">\n\t\t\t\t\t\t\t\t\t<span class=\"elementor-button-text\">Taste<\/span>\n\t\t\t\t\t<\/span>\n\t\t\t\t\t<\/a>\n\t\t\t\t<\/div>\n\t\t\t\t\t\t\t\t<\/div>\n\t\t\t\t<\/div>\n\t\t\t\t\t<\/div>\n\t\t<\/div>\n\t\t\t\t<div class=\"elementor-column elementor-col-50 elementor-inner-column elementor-element elementor-element-9c62594\" data-id=\"9c62594\" data-element_type=\"column\" data-e-type=\"column\">\n\t\t\t<div class=\"elementor-widget-wrap elementor-element-populated\">\n\t\t\t\t\t\t<div class=\"elementor-element elementor-element-6189cc0 elementor-align-justify elementor-widget elementor-widget-button\" data-id=\"6189cc0\" data-element_type=\"widget\" data-e-type=\"widget\" data-widget_type=\"button.default\">\n\t\t\t\t<div class=\"elementor-widget-container\">\n\t\t\t\t\t\t\t\t\t<div class=\"elementor-button-wrapper\">\n\t\t\t\t\t<a class=\"elementor-button elementor-button-link elementor-size-sm\" href=\"https:\/\/bibo-runge-wein.de\/en\/events\/\">\n\t\t\t\t\t\t<span class=\"elementor-button-content-wrapper\">\n\t\t\t\t\t\t\t\t\t<span class=\"elementor-button-text\">Events<\/span>\n\t\t\t\t\t<\/span>\n\t\t\t\t\t<\/a>\n\t\t\t\t<\/div>\n\t\t\t\t\t\t\t\t<\/div>\n\t\t\t\t<\/div>\n\t\t\t\t\t<\/div>\n\t\t<\/div>\n\t\t\t\t\t<\/div>\n\t\t<\/section>\n\t\t\t\t\t<\/div>\n\t\t<\/div>\n\t\t\t\t\t<\/div>\n\t\t<\/section>\n\t\t\t\t<\/div>","protected":false},"excerpt":{"rendered":"<p>unser Revoluzzer Gartenhaus Genie\u00dfen Sie unsere Weine am REVOLUZZER Gartenhaus Unser REVOLUZZER erz\u00e4hlt die Geschichte des Demokraten und Freiheitsk\u00e4mpfers Adam von Itzstein. In seinem Gartenhaus bereitete er vor 200 Jahren mit dem Hallgartener Kreis die erste Nationalversammlung von 1848 vor. Heute kann man an diesem historischen Ort mitten in den Weinbergen von Hallgarten unsere Weine [&hellip;]<\/p>\n","protected":false},"author":3,"featured_media":0,"parent":0,"menu_order":0,"comment_status":"closed","ping_status":"closed","template":"","meta":{"footnotes":""},"class_list":["post-3493","page","type-page","status-publish","hentry"],"yoast_head":"<!-- This site is optimized with the Yoast SEO plugin v25.6 - https:\/\/yoast.com\/wordpress\/plugins\/seo\/ -->\n<title>REVOLUZZER Gartenhaus - Bibo Runge Wein<\/title>\n<meta name=\"description\" content=\"Ein paar Wochen im Jahr \u00f6ffnet unser beliebter Ausschank am Revoluzzer Gartenhaus mitten in den Weinbergen von Hallgarten.\" \/>\n<meta name=\"robots\" content=\"index, follow, max-snippet:-1, max-image-preview:large, max-video-preview:-1\" \/>\n<link rel=\"canonical\" href=\"https:\/\/bibo-runge-wein.de\/en\/wp-json\/wp\/v2\/pages\/3493\" \/>\n<meta property=\"og:locale\" content=\"en_GB\" \/>\n<meta property=\"og:type\" content=\"article\" \/>\n<meta property=\"og:title\" content=\"REVOLUZZER Gartenhaus - Bibo Runge Wein\" \/>\n<meta property=\"og:description\" content=\"Ein paar Wochen im Jahr \u00f6ffnet unser beliebter Ausschank am Revoluzzer Gartenhaus mitten in den Weinbergen von Hallgarten.\" \/>\n<meta property=\"og:url\" content=\"https:\/\/bibo-runge-wein.de\/en\/revoluzzer-gartenhaus\/\" \/>\n<meta property=\"og:site_name\" content=\"Bibo Runge Wein\" \/>\n<meta property=\"article:modified_time\" content=\"2026-02-16T11:52:06+00:00\" \/>\n<meta name=\"twitter:card\" content=\"summary_large_image\" \/>\n<meta name=\"twitter:label1\" content=\"Estimated reading time\" \/>\n\t<meta name=\"twitter:data1\" content=\"2 minutes\" \/>\n<script type=\"application\/ld+json\" class=\"yoast-schema-graph\">{\"@context\":\"https:\/\/schema.org\",\"@graph\":[{\"@type\":\"WebPage\",\"@id\":\"https:\/\/bibo-runge-wein.de\/revoluzzer-gartenhaus\/\",\"url\":\"https:\/\/bibo-runge-wein.de\/revoluzzer-gartenhaus\/\",\"name\":\"REVOLUZZER Gartenhaus - Bibo Runge Wein\",\"isPartOf\":{\"@id\":\"https:\/\/bibo-runge-wein.de\/#website\"},\"datePublished\":\"2021-08-04T15:28:31+00:00\",\"dateModified\":\"2026-02-16T11:52:06+00:00\",\"description\":\"Ein paar Wochen im Jahr \u00f6ffnet unser beliebter Ausschank am Revoluzzer Gartenhaus mitten in den Weinbergen von Hallgarten.\",\"breadcrumb\":{\"@id\":\"https:\/\/bibo-runge-wein.de\/revoluzzer-gartenhaus\/#breadcrumb\"},\"inLanguage\":\"en-GB\",\"potentialAction\":[{\"@type\":\"ReadAction\",\"target\":[\"https:\/\/bibo-runge-wein.de\/revoluzzer-gartenhaus\/\"]}]},{\"@type\":\"BreadcrumbList\",\"@id\":\"https:\/\/bibo-runge-wein.de\/revoluzzer-gartenhaus\/#breadcrumb\",\"itemListElement\":[{\"@type\":\"ListItem\",\"position\":1,\"name\":\"Startseite\",\"item\":\"https:\/\/bibo-runge-wein.de\/\"},{\"@type\":\"ListItem\",\"position\":2,\"name\":\"REVOLUZZER Gartenhaus\"}]},{\"@type\":\"WebSite\",\"@id\":\"https:\/\/bibo-runge-wein.de\/#website\",\"url\":\"https:\/\/bibo-runge-wein.de\/\",\"name\":\"Bibo Runge Wein\",\"description\":\"Rheingau - Hallgarten\",\"publisher\":{\"@id\":\"https:\/\/bibo-runge-wein.de\/#organization\"},\"potentialAction\":[{\"@type\":\"SearchAction\",\"target\":{\"@type\":\"EntryPoint\",\"urlTemplate\":\"https:\/\/bibo-runge-wein.de\/?s={search_term_string}\"},\"query-input\":{\"@type\":\"PropertyValueSpecification\",\"valueRequired\":true,\"valueName\":\"search_term_string\"}}],\"inLanguage\":\"en-GB\"},{\"@type\":\"Organization\",\"@id\":\"https:\/\/bibo-runge-wein.de\/#organization\",\"name\":\"Bibo Runge Wein\",\"url\":\"https:\/\/bibo-runge-wein.de\/\",\"logo\":{\"@type\":\"ImageObject\",\"inLanguage\":\"en-GB\",\"@id\":\"https:\/\/bibo-runge-wein.de\/#\/schema\/logo\/image\/\",\"url\":\"https:\/\/bibo-runge-wein.de\/wp-content\/uploads\/2019\/04\/bibo_runge_weine_logo_200.png\",\"contentUrl\":\"https:\/\/bibo-runge-wein.de\/wp-content\/uploads\/2019\/04\/bibo_runge_weine_logo_200.png\",\"width\":200,\"height\":125,\"caption\":\"Bibo Runge Wein\"},\"image\":{\"@id\":\"https:\/\/bibo-runge-wein.de\/#\/schema\/logo\/image\/\"}}]}<\/script>\n<!-- \/ Yoast SEO plugin. -->","yoast_head_json":{"title":"REVOLUZZER Gartenhaus - Bibo Runge Wein","description":"Ein paar Wochen im Jahr \u00f6ffnet unser beliebter Ausschank am Revoluzzer Gartenhaus mitten in den Weinbergen von Hallgarten.","robots":{"index":"index","follow":"follow","max-snippet":"max-snippet:-1","max-image-preview":"max-image-preview:large","max-video-preview":"max-video-preview:-1"},"canonical":"https:\/\/bibo-runge-wein.de\/en\/wp-json\/wp\/v2\/pages\/3493","og_locale":"en_GB","og_type":"article","og_title":"REVOLUZZER Gartenhaus - Bibo Runge Wein","og_description":"Ein paar Wochen im Jahr \u00f6ffnet unser beliebter Ausschank am Revoluzzer Gartenhaus mitten in den Weinbergen von Hallgarten.","og_url":"https:\/\/bibo-runge-wein.de\/en\/revoluzzer-gartenhaus\/","og_site_name":"Bibo Runge Wein","article_modified_time":"2026-02-16T11:52:06+00:00","twitter_card":"summary_large_image","twitter_misc":{"Estimated reading time":"2 minutes"},"schema":{"@context":"https:\/\/schema.org","@graph":[{"@type":"WebPage","@id":"https:\/\/bibo-runge-wein.de\/revoluzzer-gartenhaus\/","url":"https:\/\/bibo-runge-wein.de\/revoluzzer-gartenhaus\/","name":"REVOLUZZER Gartenhaus - Bibo Runge Wein","isPartOf":{"@id":"https:\/\/bibo-runge-wein.de\/#website"},"datePublished":"2021-08-04T15:28:31+00:00","dateModified":"2026-02-16T11:52:06+00:00","description":"Ein paar Wochen im Jahr \u00f6ffnet unser beliebter Ausschank am Revoluzzer Gartenhaus mitten in den Weinbergen von Hallgarten.","breadcrumb":{"@id":"https:\/\/bibo-runge-wein.de\/revoluzzer-gartenhaus\/#breadcrumb"},"inLanguage":"en-GB","potentialAction":[{"@type":"ReadAction","target":["https:\/\/bibo-runge-wein.de\/revoluzzer-gartenhaus\/"]}]},{"@type":"BreadcrumbList","@id":"https:\/\/bibo-runge-wein.de\/revoluzzer-gartenhaus\/#breadcrumb","itemListElement":[{"@type":"ListItem","position":1,"name":"Startseite","item":"https:\/\/bibo-runge-wein.de\/"},{"@type":"ListItem","position":2,"name":"REVOLUZZER Gartenhaus"}]},{"@type":"WebSite","@id":"https:\/\/bibo-runge-wein.de\/#website","url":"https:\/\/bibo-runge-wein.de\/","name":"Bibo Runge Wein","description":"Rheingau - Hallgarten","publisher":{"@id":"https:\/\/bibo-runge-wein.de\/#organization"},"potentialAction":[{"@type":"SearchAction","target":{"@type":"EntryPoint","urlTemplate":"https:\/\/bibo-runge-wein.de\/?s={search_term_string}"},"query-input":{"@type":"PropertyValueSpecification","valueRequired":true,"valueName":"search_term_string"}}],"inLanguage":"en-GB"},{"@type":"Organization","@id":"https:\/\/bibo-runge-wein.de\/#organization","name":"Bibo Runge Wein","url":"https:\/\/bibo-runge-wein.de\/","logo":{"@type":"ImageObject","inLanguage":"en-GB","@id":"https:\/\/bibo-runge-wein.de\/#\/schema\/logo\/image\/","url":"https:\/\/bibo-runge-wein.de\/wp-content\/uploads\/2019\/04\/bibo_runge_weine_logo_200.png","contentUrl":"https:\/\/bibo-runge-wein.de\/wp-content\/uploads\/2019\/04\/bibo_runge_weine_logo_200.png","width":200,"height":125,"caption":"Bibo Runge Wein"},"image":{"@id":"https:\/\/bibo-runge-wein.de\/#\/schema\/logo\/image\/"}}]}},"_links":{"self":[{"href":"https:\/\/bibo-runge-wein.de\/en\/wp-json\/wp\/v2\/pages\/3493"}],"collection":[{"href":"https:\/\/bibo-runge-wein.de\/en\/wp-json\/wp\/v2\/pages"}],"about":[{"href":"https:\/\/bibo-runge-wein.de\/en\/wp-json\/wp\/v2\/types\/page"}],"author":[{"embeddable":true,"href":"https:\/\/bibo-runge-wein.de\/en\/wp-json\/wp\/v2\/users\/3"}],"replies":[{"embeddable":true,"href":"https:\/\/bibo-runge-wein.de\/en\/wp-json\/wp\/v2\/comments?post=3493"}],"version-history":[{"count":113,"href":"https:\/\/bibo-runge-wein.de\/en\/wp-json\/wp\/v2\/pages\/3493\/revisions"}],"predecessor-version":[{"id":6333,"href":"https:\/\/bibo-runge-wein.de\/en\/wp-json\/wp\/v2\/pages\/3493\/revisions\/6333"}],"wp:attachment":[{"href":"https:\/\/bibo-runge-wein.de\/en\/wp-json\/wp\/v2\/media?parent=3493"}],"curies":[{"name":"wp","href":"https:\/\/api.w.org\/{rel}","templated":true}]}}