{"id":124,"date":"2019-03-19T19:54:46","date_gmt":"2019-03-19T19:54:46","guid":{"rendered":"https:\/\/bibo-runge-wein.de\/?page_id=124"},"modified":"2025-04-04T12:55:33","modified_gmt":"2025-04-04T10:55:33","slug":"kontakt","status":"publish","type":"page","link":"https:\/\/bibo-runge-wein.de\/en\/kontakt\/","title":{"rendered":"Contact"},"content":{"rendered":"<div data-elementor-type=\"wp-post\" data-elementor-id=\"124\" class=\"elementor elementor-124\" data-elementor-post-type=\"page\">\n\t\t\t\t\t\t<section class=\"elementor-section elementor-top-section elementor-element elementor-element-d71a1c6 elementor-section-height-min-height elementor-section-items-bottom elementor-section-boxed elementor-section-height-default\" data-id=\"d71a1c6\" data-element_type=\"section\" data-e-type=\"section\" data-settings=\"{&quot;background_background&quot;:&quot;classic&quot;}\">\n\t\t\t\t\t\t\t<div class=\"elementor-background-overlay\"><\/div>\n\t\t\t\t\t\t\t<div class=\"elementor-container elementor-column-gap-default\">\n\t\t\t\t\t<div class=\"elementor-column elementor-col-100 elementor-top-column elementor-element elementor-element-552235f\" data-id=\"552235f\" data-element_type=\"column\" data-e-type=\"column\">\n\t\t\t<div class=\"elementor-widget-wrap elementor-element-populated\">\n\t\t\t\t\t\t<div class=\"elementor-element elementor-element-d782eca elementor-widget elementor-widget-heading\" data-id=\"d782eca\" data-element_type=\"widget\" data-e-type=\"widget\" data-widget_type=\"heading.default\">\n\t\t\t\t<div class=\"elementor-widget-container\">\n\t\t\t\t\t<h1 class=\"elementor-heading-title elementor-size-default\">Contact<\/h1>\t\t\t\t<\/div>\n\t\t\t\t<\/div>\n\t\t\t\t\t<\/div>\n\t\t<\/div>\n\t\t\t\t\t<\/div>\n\t\t<\/section>\n\t\t\t\t<section class=\"elementor-section elementor-top-section elementor-element elementor-element-bca36b3 elementor-section-boxed elementor-section-height-default elementor-section-height-default\" data-id=\"bca36b3\" data-element_type=\"section\" data-e-type=\"section\">\n\t\t\t\t\t\t\t<div class=\"elementor-background-overlay\"><\/div>\n\t\t\t\t\t\t\t<div class=\"elementor-container elementor-column-gap-default\">\n\t\t\t\t\t<div class=\"elementor-column elementor-col-100 elementor-top-column elementor-element elementor-element-d890450\" data-id=\"d890450\" data-element_type=\"column\" data-e-type=\"column\">\n\t\t\t<div class=\"elementor-widget-wrap elementor-element-populated\">\n\t\t\t\t\t\t<div class=\"elementor-element elementor-element-d3098b6 elementor-widget elementor-widget-heading\" data-id=\"d3098b6\" data-element_type=\"widget\" data-e-type=\"widget\" data-widget_type=\"heading.default\">\n\t\t\t\t<div class=\"elementor-widget-container\">\n\t\t\t\t\t<h2 class=\"elementor-heading-title elementor-size-default\">How can we help you?<\/h2>\t\t\t\t<\/div>\n\t\t\t\t<\/div>\n\t\t\t\t<div class=\"elementor-element elementor-element-e510542 elementor-widget elementor-widget-heading\" data-id=\"e510542\" data-element_type=\"widget\" data-e-type=\"widget\" data-widget_type=\"heading.default\">\n\t\t\t\t<div class=\"elementor-widget-container\">\n\t\t\t\t\t<h3 class=\"elementor-heading-title elementor-size-default\">We look forward to hear from you<\/h3>\t\t\t\t<\/div>\n\t\t\t\t<\/div>\n\t\t\t\t<section class=\"elementor-section elementor-inner-section elementor-element elementor-element-f4ce92b elementor-section-boxed elementor-section-height-default elementor-section-height-default\" data-id=\"f4ce92b\" data-element_type=\"section\" data-e-type=\"section\">\n\t\t\t\t\t\t<div class=\"elementor-container elementor-column-gap-default\">\n\t\t\t\t\t<div class=\"elementor-column elementor-col-50 elementor-inner-column elementor-element elementor-element-c339c69\" data-id=\"c339c69\" data-element_type=\"column\" data-e-type=\"column\">\n\t\t\t<div class=\"elementor-widget-wrap elementor-element-populated\">\n\t\t\t\t\t\t<div class=\"elementor-element elementor-element-20581e6 elementor-widget elementor-widget-text-editor\" data-id=\"20581e6\" data-element_type=\"widget\" data-e-type=\"widget\" data-widget_type=\"text-editor.default\">\n\t\t\t\t<div class=\"elementor-widget-container\">\n\t\t\t\t\t\t\t\t\tWould you like to receive our current farm-gate price list, order our wines or book a wine tasting? Then please feel free to contact us as follows:\t\t\t\t\t\t\t\t<\/div>\n\t\t\t\t<\/div>\n\t\t\t\t\t<\/div>\n\t\t<\/div>\n\t\t\t\t<div class=\"elementor-column elementor-col-50 elementor-inner-column elementor-element elementor-element-321cb78\" data-id=\"321cb78\" data-element_type=\"column\" data-e-type=\"column\">\n\t\t\t<div class=\"elementor-widget-wrap elementor-element-populated\">\n\t\t\t\t\t\t<div class=\"elementor-element elementor-element-a5999a8 elementor-widget elementor-widget-text-editor\" data-id=\"a5999a8\" data-element_type=\"widget\" data-e-type=\"widget\" data-widget_type=\"text-editor.default\">\n\t\t\t\t<div class=\"elementor-widget-container\">\n\t\t\t\t\t\t\t\t\t<p><b>Weingut BIBO RUNGE<\/b><br \/>Eberbacher Str. 5<br \/>65375 Oestrich-Winkel<\/p>\t\t\t\t\t\t\t\t<\/div>\n\t\t\t\t<\/div>\n\t\t\t\t<div class=\"elementor-element elementor-element-bc91731 elementor-icon-list--layout-traditional elementor-list-item-link-full_width elementor-widget elementor-widget-icon-list\" data-id=\"bc91731\" data-element_type=\"widget\" data-e-type=\"widget\" data-widget_type=\"icon-list.default\">\n\t\t\t\t<div class=\"elementor-widget-container\">\n\t\t\t\t\t\t\t<ul class=\"elementor-icon-list-items\">\n\t\t\t\t\t\t\t<li class=\"elementor-icon-list-item\">\n\t\t\t\t\t\t\t\t\t\t\t<a href=\"tel:+4967239986900\">\n\n\t\t\t\t\t\t\t\t\t\t\t\t<span class=\"elementor-icon-list-icon\">\n\t\t\t\t\t\t\t<i aria-hidden=\"true\" class=\"fas fa-phone\"><\/i>\t\t\t\t\t\t<\/span>\n\t\t\t\t\t\t\t\t\t\t<span class=\"elementor-icon-list-text\">+49 6723 99 86 900<\/span>\n\t\t\t\t\t\t\t\t\t\t\t<\/a>\n\t\t\t\t\t\t\t\t\t<\/li>\n\t\t\t\t\t\t\t\t<li class=\"elementor-icon-list-item\">\n\t\t\t\t\t\t\t\t\t\t\t<a href=\"tel:+4967239986900\">\n\n\t\t\t\t\t\t\t\t\t\t\t\t<span class=\"elementor-icon-list-icon\">\n\t\t\t\t\t\t\t<i aria-hidden=\"true\" class=\"fas fa-print\"><\/i>\t\t\t\t\t\t<\/span>\n\t\t\t\t\t\t\t\t\t\t<span class=\"elementor-icon-list-text\">+49 6723 99 86 901<\/span>\n\t\t\t\t\t\t\t\t\t\t\t<\/a>\n\t\t\t\t\t\t\t\t\t<\/li>\n\t\t\t\t\t\t\t\t<li class=\"elementor-icon-list-item\">\n\t\t\t\t\t\t\t\t\t\t\t<a href=\"mailto:info@bibo-runge-wein.de\">\n\n\t\t\t\t\t\t\t\t\t\t\t\t<span class=\"elementor-icon-list-icon\">\n\t\t\t\t\t\t\t<i aria-hidden=\"true\" class=\"far fa-envelope\"><\/i>\t\t\t\t\t\t<\/span>\n\t\t\t\t\t\t\t\t\t\t<span class=\"elementor-icon-list-text\">info(at)bibo-runge-wein.de<\/span>\n\t\t\t\t\t\t\t\t\t\t\t<\/a>\n\t\t\t\t\t\t\t\t\t<\/li>\n\t\t\t\t\t\t\t\t<li class=\"elementor-icon-list-item\">\n\t\t\t\t\t\t\t\t\t\t\t<a href=\"tel:+491717621348\">\n\n\t\t\t\t\t\t\t\t\t\t\t\t<span class=\"elementor-icon-list-icon\">\n\t\t\t\t\t\t\t<i aria-hidden=\"true\" class=\"fab fa-whatsapp\"><\/i>\t\t\t\t\t\t<\/span>\n\t\t\t\t\t\t\t\t\t\t<span class=\"elementor-icon-list-text\"> +49 171 7621348<\/span>\n\t\t\t\t\t\t\t\t\t\t\t<\/a>\n\t\t\t\t\t\t\t\t\t<\/li>\n\t\t\t\t\t\t<\/ul>\n\t\t\t\t\t\t<\/div>\n\t\t\t\t<\/div>\n\t\t\t\t\t<\/div>\n\t\t<\/div>\n\t\t\t\t\t<\/div>\n\t\t<\/section>\n\t\t\t\t<div class=\"elementor-element elementor-element-ee96615 elementor-widget-divider--view-line elementor-widget elementor-widget-divider\" data-id=\"ee96615\" data-element_type=\"widget\" data-e-type=\"widget\" data-widget_type=\"divider.default\">\n\t\t\t\t<div class=\"elementor-widget-container\">\n\t\t\t\t\t\t\t<div class=\"elementor-divider\">\n\t\t\t<span class=\"elementor-divider-separator\">\n\t\t\t\t\t\t<\/span>\n\t\t<\/div>\n\t\t\t\t\t\t<\/div>\n\t\t\t\t<\/div>\n\t\t\t\t<section class=\"elementor-section elementor-inner-section elementor-element elementor-element-6961952 elementor-section-boxed elementor-section-height-default elementor-section-height-default\" data-id=\"6961952\" data-element_type=\"section\" data-e-type=\"section\">\n\t\t\t\t\t\t<div class=\"elementor-container elementor-column-gap-default\">\n\t\t\t\t\t<div class=\"elementor-column elementor-col-50 elementor-inner-column elementor-element elementor-element-e2e0212\" data-id=\"e2e0212\" data-element_type=\"column\" data-e-type=\"column\">\n\t\t\t<div class=\"elementor-widget-wrap elementor-element-populated\">\n\t\t\t\t\t\t<div class=\"elementor-element elementor-element-04bd3b1 elementor-widget elementor-widget-heading\" data-id=\"04bd3b1\" data-element_type=\"widget\" data-e-type=\"widget\" data-widget_type=\"heading.default\">\n\t\t\t\t<div class=\"elementor-widget-container\">\n\t\t\t\t\t<h3 class=\"elementor-heading-title elementor-size-default\">How to find us<\/h3>\t\t\t\t<\/div>\n\t\t\t\t<\/div>\n\t\t\t\t<div class=\"elementor-element elementor-element-dfdf718 elementor-widget elementor-widget-heading\" data-id=\"dfdf718\" data-element_type=\"widget\" data-e-type=\"widget\" data-widget_type=\"heading.default\">\n\t\t\t\t<div class=\"elementor-widget-container\">\n\t\t\t\t\t<h3 class=\"elementor-heading-title elementor-size-default\">Weingut BIBO RUNGE<\/h3>\t\t\t\t<\/div>\n\t\t\t\t<\/div>\n\t\t\t\t<div class=\"elementor-element elementor-element-24b44ae elementor-widget elementor-widget-text-editor\" data-id=\"24b44ae\" data-element_type=\"widget\" data-e-type=\"widget\" data-widget_type=\"text-editor.default\">\n\t\t\t\t<div class=\"elementor-widget-container\">\n\t\t\t\t\t\t\t\t\t<p>From the B42 drive in the direction of Hallgarten, straight ahead at the entrance to the village and take the second right. After 80 m you will find our winery on the right-hand side.<\/p><p><b>Opening hours:<\/b><\/p><p>We are on the road a lot and are not always to be found in the winery. Therefore we kindly ask you to contact us in advance by phone if you would like to come to us. This way we can make sure that we are there for you.<\/p>\t\t\t\t\t\t\t\t<\/div>\n\t\t\t\t<\/div>\n\t\t\t\t<div class=\"elementor-element elementor-element-b474bf2 elementor-icon-list--layout-traditional elementor-list-item-link-full_width elementor-widget elementor-widget-icon-list\" data-id=\"b474bf2\" data-element_type=\"widget\" data-e-type=\"widget\" data-widget_type=\"icon-list.default\">\n\t\t\t\t<div class=\"elementor-widget-container\">\n\t\t\t\t\t\t\t<ul class=\"elementor-icon-list-items\">\n\t\t\t\t\t\t\t<li class=\"elementor-icon-list-item\">\n\t\t\t\t\t\t\t\t\t\t\t<a href=\"https:\/\/www.google.com\/maps\/place\/Weingut+BIBO+RUNGE\/@50.0258282,8.0347771,15z\/data=!4m5!3m4!1s0x0:0xe720c83a683a9174!8m2!3d50.0258282!4d8.0347771\" target=\"_blank\" rel=\"nofollow\">\n\n\t\t\t\t\t\t\t\t\t\t\t\t<span class=\"elementor-icon-list-icon\">\n\t\t\t\t\t\t\t<i aria-hidden=\"true\" class=\"fas fa-map-marker-alt\"><\/i>\t\t\t\t\t\t<\/span>\n\t\t\t\t\t\t\t\t\t\t<span class=\"elementor-icon-list-text\">Auf Google Maps ansehen &gt;&gt;<\/span>\n\t\t\t\t\t\t\t\t\t\t\t<\/a>\n\t\t\t\t\t\t\t\t\t<\/li>\n\t\t\t\t\t\t<\/ul>\n\t\t\t\t\t\t<\/div>\n\t\t\t\t<\/div>\n\t\t\t\t\t<\/div>\n\t\t<\/div>\n\t\t\t\t<div class=\"elementor-column elementor-col-50 elementor-inner-column elementor-element elementor-element-75ea048\" data-id=\"75ea048\" data-element_type=\"column\" data-e-type=\"column\">\n\t\t\t<div class=\"elementor-widget-wrap elementor-element-populated\">\n\t\t\t\t\t\t<div class=\"elementor-element elementor-element-cfc45f5 elementor-widget elementor-widget-heading\" data-id=\"cfc45f5\" data-element_type=\"widget\" data-e-type=\"widget\" data-widget_type=\"heading.default\">\n\t\t\t\t<div class=\"elementor-widget-container\">\n\t\t\t\t\t<h3 class=\"elementor-heading-title elementor-size-default\">How to find us<\/h3>\t\t\t\t<\/div>\n\t\t\t\t<\/div>\n\t\t\t\t<div class=\"elementor-element elementor-element-29e1704 elementor-widget elementor-widget-heading\" data-id=\"29e1704\" data-element_type=\"widget\" data-e-type=\"widget\" data-widget_type=\"heading.default\">\n\t\t\t\t<div class=\"elementor-widget-container\">\n\t\t\t\t\t<h3 class=\"elementor-heading-title elementor-size-default\">Revoluzzer Gartenhaus<\/h3>\t\t\t\t<\/div>\n\t\t\t\t<\/div>\n\t\t\t\t<div class=\"elementor-element elementor-element-0f21ead elementor-widget elementor-widget-text-editor\" data-id=\"0f21ead\" data-element_type=\"widget\" data-e-type=\"widget\" data-widget_type=\"text-editor.default\">\n\t\t\t\t<div class=\"elementor-widget-container\">\n\t\t\t\t\t\t\t\t\t<p>100 m from Hallgartener Platz 1 in Oestrich-Winkel, Hallgarten district.<\/p><p>Drive from the B42 in the direction of Hallgarten, turn left in the direction of the cemetery at the entrance to the town, drive past the cemetery on the right uphill and then take the first left again. From here it is still 100m.<\/p>\t\t\t\t\t\t\t\t<\/div>\n\t\t\t\t<\/div>\n\t\t\t\t<div class=\"elementor-element elementor-element-6de6d9e elementor-icon-list--layout-traditional elementor-list-item-link-full_width elementor-widget elementor-widget-icon-list\" data-id=\"6de6d9e\" data-element_type=\"widget\" data-e-type=\"widget\" data-widget_type=\"icon-list.default\">\n\t\t\t\t<div class=\"elementor-widget-container\">\n\t\t\t\t\t\t\t<ul class=\"elementor-icon-list-items\">\n\t\t\t\t\t\t\t<li class=\"elementor-icon-list-item\">\n\t\t\t\t\t\t\t\t\t\t\t<a href=\"https:\/\/www.google.de\/maps\/place\/Ausschank+am+Gartenhaus\/@50.0253551,8.0303486,18z\/data=!4m12!1m6!3m5!1s0x47bdebca5a609e07:0xe720c83a683a9174!2sWeingut+BIBO+RUNGE!8m2!3d50.0258282!4d8.0347771!3m4!1s0x47bdebce01f42a6b:0xaf34f8bd9dfb5646!8m2!3d50.0254721!4d8.0299839?hl=de\" target=\"_blank\" rel=\"nofollow\">\n\n\t\t\t\t\t\t\t\t\t\t\t\t<span class=\"elementor-icon-list-icon\">\n\t\t\t\t\t\t\t<i aria-hidden=\"true\" class=\"fas fa-map-marker-alt\"><\/i>\t\t\t\t\t\t<\/span>\n\t\t\t\t\t\t\t\t\t\t<span class=\"elementor-icon-list-text\">Auf Google Maps ansehen &gt;&gt;<\/span>\n\t\t\t\t\t\t\t\t\t\t\t<\/a>\n\t\t\t\t\t\t\t\t\t<\/li>\n\t\t\t\t\t\t<\/ul>\n\t\t\t\t\t\t<\/div>\n\t\t\t\t<\/div>\n\t\t\t\t\t<\/div>\n\t\t<\/div>\n\t\t\t\t\t<\/div>\n\t\t<\/section>\n\t\t\t\t\t<\/div>\n\t\t<\/div>\n\t\t\t\t\t<\/div>\n\t\t<\/section>\n\t\t\t\t<section class=\"elementor-section elementor-top-section elementor-element elementor-element-f8dbae3 elementor-section-boxed elementor-section-height-default elementor-section-height-default\" data-id=\"f8dbae3\" data-element_type=\"section\" data-e-type=\"section\" data-settings=\"{&quot;background_background&quot;:&quot;classic&quot;}\">\n\t\t\t\t\t\t\t<div class=\"elementor-background-overlay\"><\/div>\n\t\t\t\t\t\t\t<div class=\"elementor-container elementor-column-gap-default\">\n\t\t\t\t\t<div class=\"elementor-column elementor-col-100 elementor-top-column elementor-element elementor-element-0994f42\" data-id=\"0994f42\" data-element_type=\"column\" data-e-type=\"column\">\n\t\t\t<div class=\"elementor-widget-wrap elementor-element-populated\">\n\t\t\t\t\t\t<div class=\"elementor-element elementor-element-95f938c elementor-widget elementor-widget-heading\" data-id=\"95f938c\" data-element_type=\"widget\" data-e-type=\"widget\" data-widget_type=\"heading.default\">\n\t\t\t\t<div class=\"elementor-widget-container\">\n\t\t\t\t\t<h2 class=\"elementor-heading-title elementor-size-default\">Taste our wines or meet us live!<\/h2>\t\t\t\t<\/div>\n\t\t\t\t<\/div>\n\t\t\t\t<section class=\"elementor-section elementor-inner-section elementor-element elementor-element-16ab151 elementor-section-boxed elementor-section-height-default elementor-section-height-default\" data-id=\"16ab151\" data-element_type=\"section\" data-e-type=\"section\">\n\t\t\t\t\t\t<div class=\"elementor-container elementor-column-gap-default\">\n\t\t\t\t\t<div class=\"elementor-column elementor-col-50 elementor-inner-column elementor-element elementor-element-2a1b5f5\" data-id=\"2a1b5f5\" data-element_type=\"column\" data-e-type=\"column\">\n\t\t\t<div class=\"elementor-widget-wrap elementor-element-populated\">\n\t\t\t\t\t\t<div class=\"elementor-element elementor-element-101a5e5 elementor-align-justify elementor-widget elementor-widget-button\" data-id=\"101a5e5\" data-element_type=\"widget\" data-e-type=\"widget\" data-widget_type=\"button.default\">\n\t\t\t\t<div class=\"elementor-widget-container\">\n\t\t\t\t\t\t\t\t\t<div class=\"elementor-button-wrapper\">\n\t\t\t\t\t<a class=\"elementor-button elementor-button-link elementor-size-sm\" href=\"https:\/\/bibo-runge-wein.de\/en\/weinproben\/\">\n\t\t\t\t\t\t<span class=\"elementor-button-content-wrapper\">\n\t\t\t\t\t\t\t\t\t<span class=\"elementor-button-text\">Taste<\/span>\n\t\t\t\t\t<\/span>\n\t\t\t\t\t<\/a>\n\t\t\t\t<\/div>\n\t\t\t\t\t\t\t\t<\/div>\n\t\t\t\t<\/div>\n\t\t\t\t\t<\/div>\n\t\t<\/div>\n\t\t\t\t<div class=\"elementor-column elementor-col-50 elementor-inner-column elementor-element elementor-element-86eb6d7\" data-id=\"86eb6d7\" data-element_type=\"column\" data-e-type=\"column\">\n\t\t\t<div class=\"elementor-widget-wrap elementor-element-populated\">\n\t\t\t\t\t\t<div class=\"elementor-element elementor-element-d053f08 elementor-align-justify elementor-widget elementor-widget-button\" data-id=\"d053f08\" data-element_type=\"widget\" data-e-type=\"widget\" data-widget_type=\"button.default\">\n\t\t\t\t<div class=\"elementor-widget-container\">\n\t\t\t\t\t\t\t\t\t<div class=\"elementor-button-wrapper\">\n\t\t\t\t\t<a class=\"elementor-button elementor-button-link elementor-size-sm\" href=\"https:\/\/bibo-runge-wein.de\/en\/events\/\">\n\t\t\t\t\t\t<span class=\"elementor-button-content-wrapper\">\n\t\t\t\t\t\t\t\t\t<span class=\"elementor-button-text\">Events<\/span>\n\t\t\t\t\t<\/span>\n\t\t\t\t\t<\/a>\n\t\t\t\t<\/div>\n\t\t\t\t\t\t\t\t<\/div>\n\t\t\t\t<\/div>\n\t\t\t\t\t<\/div>\n\t\t<\/div>\n\t\t\t\t\t<\/div>\n\t\t<\/section>\n\t\t\t\t\t<\/div>\n\t\t<\/div>\n\t\t\t\t\t<\/div>\n\t\t<\/section>\n\t\t\t\t<\/div>","protected":false},"excerpt":{"rendered":"<p>Kontakt Was k\u00f6nnen wir f\u00fcr Sie tun? Wir freuen uns auf Ihre Kontaktaufnahme Sie m\u00f6chten unsere aktuelle Ab-Hof-Preisliste erhalten, unsere Weine bestellen oder eine Weinprobe buchen? Dann d\u00fcrfen Sie uns gerne wie folgt kontaktieren: Weingut BIBO RUNGEEberbacher Str. 565375 Oestrich-Winkel +49 6723 99 86 900 +49 6723 99 86 901 info(at)bibo-runge-wein.de +49 171 7621348 Anfahrt [&hellip;]<\/p>\n","protected":false},"author":3,"featured_media":0,"parent":0,"menu_order":0,"comment_status":"closed","ping_status":"closed","template":"","meta":{"footnotes":""},"class_list":["post-124","page","type-page","status-publish","hentry"],"yoast_head":"<!-- This site is optimized with the Yoast SEO plugin v25.6 - https:\/\/yoast.com\/wordpress\/plugins\/seo\/ -->\n<title>Kontakt - Bibo Runge Wein<\/title>\n<meta name=\"description\" content=\"Tel. 06723\/9986900, Mail: info@bibo-runge-wein.de. Adresse: Eberbacher Str. 5, 65375 Oestrich-Winkel.\" \/>\n<meta name=\"robots\" content=\"index, follow, max-snippet:-1, max-image-preview:large, max-video-preview:-1\" \/>\n<link rel=\"canonical\" href=\"https:\/\/bibo-runge-wein.de\/en\/wp-json\/wp\/v2\/pages\/124\" \/>\n<meta property=\"og:locale\" content=\"en_GB\" \/>\n<meta property=\"og:type\" content=\"article\" \/>\n<meta property=\"og:title\" content=\"Kontaktieren Sie uns!\" \/>\n<meta property=\"og:description\" content=\"Weinproben anfragen? Wein bestellen? Kontaktieren Sie uns, das Weingut Bibo Runge.\" \/>\n<meta property=\"og:url\" content=\"https:\/\/bibo-runge-wein.de\/en\/kontakt\/\" \/>\n<meta property=\"og:site_name\" content=\"Bibo Runge Wein\" \/>\n<meta property=\"article:modified_time\" content=\"2025-04-04T10:55:33+00:00\" \/>\n<meta property=\"og:image\" content=\"https:\/\/bibo-runge-wein.de\/wp-content\/uploads\/2019\/06\/bibo_runge_wein_facebook_vorschaubilder_kontakt.jpg\" \/>\n\t<meta property=\"og:image:width\" content=\"1200\" \/>\n\t<meta property=\"og:image:height\" content=\"630\" \/>\n\t<meta property=\"og:image:type\" content=\"image\/jpeg\" \/>\n<meta name=\"twitter:card\" content=\"summary_large_image\" \/>\n<meta name=\"twitter:label1\" content=\"Estimated reading time\" \/>\n\t<meta name=\"twitter:data1\" content=\"2 minutes\" \/>\n<script type=\"application\/ld+json\" class=\"yoast-schema-graph\">{\"@context\":\"https:\/\/schema.org\",\"@graph\":[{\"@type\":\"WebPage\",\"@id\":\"https:\/\/bibo-runge-wein.de\/kontakt\/\",\"url\":\"https:\/\/bibo-runge-wein.de\/kontakt\/\",\"name\":\"Kontakt - Bibo Runge Wein\",\"isPartOf\":{\"@id\":\"https:\/\/bibo-runge-wein.de\/#website\"},\"datePublished\":\"2019-03-19T19:54:46+00:00\",\"dateModified\":\"2025-04-04T10:55:33+00:00\",\"description\":\"Tel. 06723\/9986900, Mail: info@bibo-runge-wein.de. Adresse: Eberbacher Str. 5, 65375 Oestrich-Winkel.\",\"breadcrumb\":{\"@id\":\"https:\/\/bibo-runge-wein.de\/kontakt\/#breadcrumb\"},\"inLanguage\":\"en-GB\",\"potentialAction\":[{\"@type\":\"ReadAction\",\"target\":[\"https:\/\/bibo-runge-wein.de\/kontakt\/\"]}]},{\"@type\":\"BreadcrumbList\",\"@id\":\"https:\/\/bibo-runge-wein.de\/kontakt\/#breadcrumb\",\"itemListElement\":[{\"@type\":\"ListItem\",\"position\":1,\"name\":\"Startseite\",\"item\":\"https:\/\/bibo-runge-wein.de\/\"},{\"@type\":\"ListItem\",\"position\":2,\"name\":\"Kontakt\"}]},{\"@type\":\"WebSite\",\"@id\":\"https:\/\/bibo-runge-wein.de\/#website\",\"url\":\"https:\/\/bibo-runge-wein.de\/\",\"name\":\"Bibo Runge Wein\",\"description\":\"Rheingau - Hallgarten\",\"publisher\":{\"@id\":\"https:\/\/bibo-runge-wein.de\/#organization\"},\"potentialAction\":[{\"@type\":\"SearchAction\",\"target\":{\"@type\":\"EntryPoint\",\"urlTemplate\":\"https:\/\/bibo-runge-wein.de\/?s={search_term_string}\"},\"query-input\":{\"@type\":\"PropertyValueSpecification\",\"valueRequired\":true,\"valueName\":\"search_term_string\"}}],\"inLanguage\":\"en-GB\"},{\"@type\":\"Organization\",\"@id\":\"https:\/\/bibo-runge-wein.de\/#organization\",\"name\":\"Bibo Runge Wein\",\"url\":\"https:\/\/bibo-runge-wein.de\/\",\"logo\":{\"@type\":\"ImageObject\",\"inLanguage\":\"en-GB\",\"@id\":\"https:\/\/bibo-runge-wein.de\/#\/schema\/logo\/image\/\",\"url\":\"https:\/\/bibo-runge-wein.de\/wp-content\/uploads\/2019\/04\/bibo_runge_weine_logo_200.png\",\"contentUrl\":\"https:\/\/bibo-runge-wein.de\/wp-content\/uploads\/2019\/04\/bibo_runge_weine_logo_200.png\",\"width\":200,\"height\":125,\"caption\":\"Bibo Runge Wein\"},\"image\":{\"@id\":\"https:\/\/bibo-runge-wein.de\/#\/schema\/logo\/image\/\"}}]}<\/script>\n<!-- \/ Yoast SEO plugin. -->","yoast_head_json":{"title":"Kontakt - Bibo Runge Wein","description":"Tel. 06723\/9986900, Mail: info@bibo-runge-wein.de. Adresse: Eberbacher Str. 5, 65375 Oestrich-Winkel.","robots":{"index":"index","follow":"follow","max-snippet":"max-snippet:-1","max-image-preview":"max-image-preview:large","max-video-preview":"max-video-preview:-1"},"canonical":"https:\/\/bibo-runge-wein.de\/en\/wp-json\/wp\/v2\/pages\/124","og_locale":"en_GB","og_type":"article","og_title":"Kontaktieren Sie uns!","og_description":"Weinproben anfragen? Wein bestellen? Kontaktieren Sie uns, das Weingut Bibo Runge.","og_url":"https:\/\/bibo-runge-wein.de\/en\/kontakt\/","og_site_name":"Bibo Runge Wein","article_modified_time":"2025-04-04T10:55:33+00:00","og_image":[{"width":1200,"height":630,"url":"https:\/\/bibo-runge-wein.de\/wp-content\/uploads\/2019\/06\/bibo_runge_wein_facebook_vorschaubilder_kontakt.jpg","type":"image\/jpeg"}],"twitter_card":"summary_large_image","twitter_misc":{"Estimated reading time":"2 minutes"},"schema":{"@context":"https:\/\/schema.org","@graph":[{"@type":"WebPage","@id":"https:\/\/bibo-runge-wein.de\/kontakt\/","url":"https:\/\/bibo-runge-wein.de\/kontakt\/","name":"Kontakt - Bibo Runge Wein","isPartOf":{"@id":"https:\/\/bibo-runge-wein.de\/#website"},"datePublished":"2019-03-19T19:54:46+00:00","dateModified":"2025-04-04T10:55:33+00:00","description":"Tel. 06723\/9986900, Mail: info@bibo-runge-wein.de. Adresse: Eberbacher Str. 5, 65375 Oestrich-Winkel.","breadcrumb":{"@id":"https:\/\/bibo-runge-wein.de\/kontakt\/#breadcrumb"},"inLanguage":"en-GB","potentialAction":[{"@type":"ReadAction","target":["https:\/\/bibo-runge-wein.de\/kontakt\/"]}]},{"@type":"BreadcrumbList","@id":"https:\/\/bibo-runge-wein.de\/kontakt\/#breadcrumb","itemListElement":[{"@type":"ListItem","position":1,"name":"Startseite","item":"https:\/\/bibo-runge-wein.de\/"},{"@type":"ListItem","position":2,"name":"Kontakt"}]},{"@type":"WebSite","@id":"https:\/\/bibo-runge-wein.de\/#website","url":"https:\/\/bibo-runge-wein.de\/","name":"Bibo Runge Wein","description":"Rheingau - Hallgarten","publisher":{"@id":"https:\/\/bibo-runge-wein.de\/#organization"},"potentialAction":[{"@type":"SearchAction","target":{"@type":"EntryPoint","urlTemplate":"https:\/\/bibo-runge-wein.de\/?s={search_term_string}"},"query-input":{"@type":"PropertyValueSpecification","valueRequired":true,"valueName":"search_term_string"}}],"inLanguage":"en-GB"},{"@type":"Organization","@id":"https:\/\/bibo-runge-wein.de\/#organization","name":"Bibo Runge Wein","url":"https:\/\/bibo-runge-wein.de\/","logo":{"@type":"ImageObject","inLanguage":"en-GB","@id":"https:\/\/bibo-runge-wein.de\/#\/schema\/logo\/image\/","url":"https:\/\/bibo-runge-wein.de\/wp-content\/uploads\/2019\/04\/bibo_runge_weine_logo_200.png","contentUrl":"https:\/\/bibo-runge-wein.de\/wp-content\/uploads\/2019\/04\/bibo_runge_weine_logo_200.png","width":200,"height":125,"caption":"Bibo Runge Wein"},"image":{"@id":"https:\/\/bibo-runge-wein.de\/#\/schema\/logo\/image\/"}}]}},"_links":{"self":[{"href":"https:\/\/bibo-runge-wein.de\/en\/wp-json\/wp\/v2\/pages\/124"}],"collection":[{"href":"https:\/\/bibo-runge-wein.de\/en\/wp-json\/wp\/v2\/pages"}],"about":[{"href":"https:\/\/bibo-runge-wein.de\/en\/wp-json\/wp\/v2\/types\/page"}],"author":[{"embeddable":true,"href":"https:\/\/bibo-runge-wein.de\/en\/wp-json\/wp\/v2\/users\/3"}],"replies":[{"embeddable":true,"href":"https:\/\/bibo-runge-wein.de\/en\/wp-json\/wp\/v2\/comments?post=124"}],"version-history":[{"count":48,"href":"https:\/\/bibo-runge-wein.de\/en\/wp-json\/wp\/v2\/pages\/124\/revisions"}],"predecessor-version":[{"id":5661,"href":"https:\/\/bibo-runge-wein.de\/en\/wp-json\/wp\/v2\/pages\/124\/revisions\/5661"}],"wp:attachment":[{"href":"https:\/\/bibo-runge-wein.de\/en\/wp-json\/wp\/v2\/media?parent=124"}],"curies":[{"name":"wp","href":"https:\/\/api.w.org\/{rel}","templated":true}]}}